{"id":88585,"date":"2021-03-18T14:15:30","date_gmt":"2021-03-18T13:15:30","guid":{"rendered":"https:\/\/undsgn.com\/uncode\/?page_id=88585"},"modified":"2025-09-15T13:14:35","modified_gmt":"2025-09-15T13:14:35","slug":"contact","status":"publish","type":"page","link":"https:\/\/www.plant-act.org\/cs\/contact\/","title":{"rendered":"Contact"},"content":{"rendered":"<div class=\"wpb-content-wrapper\"><div data-parent=\"true\" class=\"vc_row has-bg need-focus style-accent-bg row-container with-parallax\" id=\"row-unique-0\"><div class=\"row-background background-element\">\n\t\t\t\t\t\t\t\t\t\t\t<div class=\"background-wrapper\">\n\t\t\t\t\t\t\t\t\t\t\t\t<div class=\"background-inner\" style=\"background-image: url(https:\/\/www.plant-act.org\/wp-content\/uploads\/2022\/12\/plant-act-scientist-with-plants.jpg);background-repeat: no-repeat;background-position: center bottom;background-size: cover;\"><\/div>\n\t\t\t\t\t\t\t\t\t\t\t\t<div class=\"block-bg-overlay style-color-nhtu-bg\" style=\"opacity: 0.35;\"><\/div>\n\t\t\t\t\t\t\t\t\t\t\t<\/div>\n\t\t\t\t\t\t\t\t\t\t<\/div><div class=\"row double-top-padding double-bottom-padding single-h-padding limit-width row-parent\" data-height-ratio=\"60\"><div class=\"wpb_row row-inner\"><div class=\"wpb_column pos-middle pos-center align_center column_parent col-lg-12 half-internal-gutter\"><div class=\"uncol style-spec style-dark\"  ><div class=\"uncoltable\"><div class=\"uncell\" ><div class=\"uncont no-block-padding col-custom-width\" style=\" max-width:996px;\" ><div class=\"vc_custom_heading_wrap\"><div class=\"heading-text el-text\" ><h1 class=\"fontsize-160000 fontspace-135905 text-uppercase\" ><span>PlantACT! Contact<\/span><\/h1><\/div><div class=\"clear\"><\/div><\/div><div class=\"vc_custom_heading_wrap\"><div class=\"heading-text el-text\" ><h2 class=\"font-339240 fontsize-155944\" ><span>Get in touch<\/span><\/h2><\/div><div class=\"clear\"><\/div><\/div><div class=\"empty-space empty-single\" ><span class=\"empty-space-inner\"><\/span><\/div>\n<\/div><\/div><\/div><\/div><\/div><script id=\"script-row-unique-0\" data-row=\"script-row-unique-0\" type=\"text\/javascript\" class=\"vc_controls\">UNCODE.initRow(document.getElementById(\"row-unique-0\"));<\/script><\/div><\/div><\/div><div data-parent=\"true\" class=\"vc_row has-bg need-focus style-color-xsdn-bg row-container\" id=\"row-unique-1\"><div class=\"row unequal col-double-gutter triple-top-padding triple-bottom-padding single-h-padding limit-width row-parent\"><div class=\"wpb_row row-inner\"><div class=\"wpb_column pos-middle pos-center align_left column_parent col-lg-3 col-md-50 single-internal-gutter\"><div class=\"uncol style-light font-339240\"  ><div class=\"uncoltable\"><div class=\"uncell vc_custom_preserve_tablet single-block-padding\" ><div class=\"uncont\" ><\/div><\/div><\/div><\/div><\/div><div class=\"wpb_column pos-middle pos-center align_left column_parent col-lg-6 col-md-50 half-internal-gutter\"><div class=\"uncol style-light font-339240\"  ><div class=\"uncoltable\"><div class=\"uncell vc_custom_preserve_tablet no-block-padding\" ><div class=\"uncont\" ><div class=\"vc_custom_heading_wrap\"><div class=\"heading-text el-text\" ><h2 class=\"font-339240 fontsize-155944\" ><span>Interested in PlantACT!?<\/span><\/h2><\/div><div class=\"clear\"><\/div><\/div><div class=\"vc_custom_heading_wrap\"><div class=\"heading-text el-text\" ><h5 class=\"font-103074 fontsize-160000 fontspace-135905 text-uppercase\" ><span>General inquiries<\/span><\/h5><\/div><div class=\"clear\"><\/div><\/div><div class=\"uncode_text_column\" ><p><a href=\"mailto:office@plant-act.org\">office@plant-act.org<\/a><\/p>\n<\/div><\/div><\/div><\/div><\/div><\/div><div class=\"wpb_column pos-top pos-center align_left column_parent col-lg-3 col-md-clear single-internal-gutter\"><div class=\"uncol style-light\"  ><div class=\"uncoltable\"><div class=\"uncell no-block-padding\" ><div class=\"uncont\" ><\/div><\/div><\/div><\/div><\/div><script id=\"script-row-unique-1\" data-row=\"script-row-unique-1\" type=\"text\/javascript\" class=\"vc_controls\">UNCODE.initRow(document.getElementById(\"row-unique-1\"));<\/script><\/div><\/div><\/div>\n<\/div>","protected":false},"excerpt":{"rendered":"PlantACT! ContactGet in touch Interested in PlantACT!?General inquiriesoffice@plant-act.org","protected":false},"author":1,"featured_media":117757,"parent":0,"menu_order":0,"comment_status":"closed","ping_status":"closed","template":"","meta":{"footnotes":""},"class_list":["post-88585","page","type-page","status-publish","has-post-thumbnail","hentry"],"yoast_head":"<!-- This site is optimized with the Yoast SEO plugin v27.5 - https:\/\/yoast.com\/product\/yoast-seo-wordpress\/ -->\n<title>Contact - PlantACT!<\/title>\n<meta name=\"description\" content=\"Interested in PlantACT!? Get in touch and support scientists with their research! Contact: office@plant-act.org\" \/>\n<meta name=\"robots\" content=\"index, follow, max-snippet:-1, max-image-preview:large, max-video-preview:-1\" \/>\n<link rel=\"canonical\" href=\"https:\/\/www.plant-act.org\/cs\/contact\/\" \/>\n<meta property=\"og:locale\" content=\"cs_CZ\" \/>\n<meta property=\"og:type\" content=\"article\" \/>\n<meta property=\"og:title\" content=\"Contact - PlantACT!\" \/>\n<meta property=\"og:description\" content=\"Interested in PlantACT!? Get in touch and support scientists with their research! Contact: office@plant-act.org\" \/>\n<meta property=\"og:url\" content=\"https:\/\/www.plant-act.org\/cs\/contact\/\" \/>\n<meta property=\"og:site_name\" content=\"PlantACT!\" \/>\n<meta property=\"article:modified_time\" content=\"2025-09-15T13:14:35+00:00\" \/>\n<meta property=\"og:image\" content=\"https:\/\/www.plant-act.org\/wp-content\/uploads\/2022\/12\/plant-act-scientist-with-plants.jpg\" \/>\n\t<meta property=\"og:image:width\" content=\"1986\" \/>\n\t<meta property=\"og:image:height\" content=\"1325\" \/>\n\t<meta property=\"og:image:type\" content=\"image\/jpeg\" \/>\n<meta name=\"twitter:card\" content=\"summary_large_image\" \/>\n<meta name=\"twitter:label1\" content=\"Odhadovan\u00e1 doba \u010dten\u00ed\" \/>\n\t<meta name=\"twitter:data1\" content=\"1 minuta\" \/>\n<script type=\"application\/ld+json\" class=\"yoast-schema-graph\">{\"@context\":\"https:\\\/\\\/schema.org\",\"@graph\":[{\"@type\":\"WebPage\",\"@id\":\"https:\\\/\\\/www.plant-act.org\\\/contact\\\/\",\"url\":\"https:\\\/\\\/www.plant-act.org\\\/contact\\\/\",\"name\":\"Contact - PlantACT!\",\"isPartOf\":{\"@id\":\"https:\\\/\\\/www.plant-act.org\\\/#website\"},\"primaryImageOfPage\":{\"@id\":\"https:\\\/\\\/www.plant-act.org\\\/contact\\\/#primaryimage\"},\"image\":{\"@id\":\"https:\\\/\\\/www.plant-act.org\\\/contact\\\/#primaryimage\"},\"thumbnailUrl\":\"https:\\\/\\\/www.plant-act.org\\\/wp-content\\\/uploads\\\/2022\\\/12\\\/plant-act-scientist-with-plants.jpg\",\"datePublished\":\"2021-03-18T13:15:30+00:00\",\"dateModified\":\"2025-09-15T13:14:35+00:00\",\"description\":\"Interested in PlantACT!? Get in touch and support scientists with their research! Contact: office@plant-act.org\",\"breadcrumb\":{\"@id\":\"https:\\\/\\\/www.plant-act.org\\\/contact\\\/#breadcrumb\"},\"inLanguage\":\"cs\",\"potentialAction\":[{\"@type\":\"ReadAction\",\"target\":[\"https:\\\/\\\/www.plant-act.org\\\/contact\\\/\"]}]},{\"@type\":\"ImageObject\",\"inLanguage\":\"cs\",\"@id\":\"https:\\\/\\\/www.plant-act.org\\\/contact\\\/#primaryimage\",\"url\":\"https:\\\/\\\/www.plant-act.org\\\/wp-content\\\/uploads\\\/2022\\\/12\\\/plant-act-scientist-with-plants.jpg\",\"contentUrl\":\"https:\\\/\\\/www.plant-act.org\\\/wp-content\\\/uploads\\\/2022\\\/12\\\/plant-act-scientist-with-plants.jpg\",\"width\":1986,\"height\":1325},{\"@type\":\"BreadcrumbList\",\"@id\":\"https:\\\/\\\/www.plant-act.org\\\/contact\\\/#breadcrumb\",\"itemListElement\":[{\"@type\":\"ListItem\",\"position\":1,\"name\":\"Home\",\"item\":\"https:\\\/\\\/www.plant-act.org\\\/\"},{\"@type\":\"ListItem\",\"position\":2,\"name\":\"Contact\"}]},{\"@type\":\"WebSite\",\"@id\":\"https:\\\/\\\/www.plant-act.org\\\/#website\",\"url\":\"https:\\\/\\\/www.plant-act.org\\\/\",\"name\":\"PlantACT!\",\"description\":\"Initiative to function as a think tank of plant science experts to tackle climate change.\",\"publisher\":{\"@id\":\"https:\\\/\\\/www.plant-act.org\\\/#organization\"},\"potentialAction\":[{\"@type\":\"SearchAction\",\"target\":{\"@type\":\"EntryPoint\",\"urlTemplate\":\"https:\\\/\\\/www.plant-act.org\\\/?s={search_term_string}\"},\"query-input\":{\"@type\":\"PropertyValueSpecification\",\"valueRequired\":true,\"valueName\":\"search_term_string\"}}],\"inLanguage\":\"cs\"},{\"@type\":\"Organization\",\"@id\":\"https:\\\/\\\/www.plant-act.org\\\/#organization\",\"name\":\"PlantACT!\",\"url\":\"https:\\\/\\\/www.plant-act.org\\\/\",\"logo\":{\"@type\":\"ImageObject\",\"inLanguage\":\"cs\",\"@id\":\"https:\\\/\\\/www.plant-act.org\\\/#\\\/schema\\\/logo\\\/image\\\/\",\"url\":\"https:\\\/\\\/www.plant-act.org\\\/wp-content\\\/uploads\\\/2022\\\/12\\\/PlantACT-logo.png\",\"contentUrl\":\"https:\\\/\\\/www.plant-act.org\\\/wp-content\\\/uploads\\\/2022\\\/12\\\/PlantACT-logo.png\",\"width\":3334,\"height\":3334,\"caption\":\"PlantACT!\"},\"image\":{\"@id\":\"https:\\\/\\\/www.plant-act.org\\\/#\\\/schema\\\/logo\\\/image\\\/\"}}]}<\/script>\n<!-- \/ Yoast SEO plugin. -->","yoast_head_json":{"title":"Contact - PlantACT!","description":"Interested in PlantACT!? Get in touch and support scientists with their research! Contact: office@plant-act.org","robots":{"index":"index","follow":"follow","max-snippet":"max-snippet:-1","max-image-preview":"max-image-preview:large","max-video-preview":"max-video-preview:-1"},"canonical":"https:\/\/www.plant-act.org\/cs\/contact\/","og_locale":"cs_CZ","og_type":"article","og_title":"Contact - PlantACT!","og_description":"Interested in PlantACT!? Get in touch and support scientists with their research! Contact: office@plant-act.org","og_url":"https:\/\/www.plant-act.org\/cs\/contact\/","og_site_name":"PlantACT!","article_modified_time":"2025-09-15T13:14:35+00:00","og_image":[{"width":1986,"height":1325,"url":"https:\/\/www.plant-act.org\/wp-content\/uploads\/2022\/12\/plant-act-scientist-with-plants.jpg","type":"image\/jpeg"}],"twitter_card":"summary_large_image","twitter_misc":{"Odhadovan\u00e1 doba \u010dten\u00ed":"1 minuta"},"schema":{"@context":"https:\/\/schema.org","@graph":[{"@type":"WebPage","@id":"https:\/\/www.plant-act.org\/contact\/","url":"https:\/\/www.plant-act.org\/contact\/","name":"Contact - PlantACT!","isPartOf":{"@id":"https:\/\/www.plant-act.org\/#website"},"primaryImageOfPage":{"@id":"https:\/\/www.plant-act.org\/contact\/#primaryimage"},"image":{"@id":"https:\/\/www.plant-act.org\/contact\/#primaryimage"},"thumbnailUrl":"https:\/\/www.plant-act.org\/wp-content\/uploads\/2022\/12\/plant-act-scientist-with-plants.jpg","datePublished":"2021-03-18T13:15:30+00:00","dateModified":"2025-09-15T13:14:35+00:00","description":"Interested in PlantACT!? Get in touch and support scientists with their research! Contact: office@plant-act.org","breadcrumb":{"@id":"https:\/\/www.plant-act.org\/contact\/#breadcrumb"},"inLanguage":"cs","potentialAction":[{"@type":"ReadAction","target":["https:\/\/www.plant-act.org\/contact\/"]}]},{"@type":"ImageObject","inLanguage":"cs","@id":"https:\/\/www.plant-act.org\/contact\/#primaryimage","url":"https:\/\/www.plant-act.org\/wp-content\/uploads\/2022\/12\/plant-act-scientist-with-plants.jpg","contentUrl":"https:\/\/www.plant-act.org\/wp-content\/uploads\/2022\/12\/plant-act-scientist-with-plants.jpg","width":1986,"height":1325},{"@type":"BreadcrumbList","@id":"https:\/\/www.plant-act.org\/contact\/#breadcrumb","itemListElement":[{"@type":"ListItem","position":1,"name":"Home","item":"https:\/\/www.plant-act.org\/"},{"@type":"ListItem","position":2,"name":"Contact"}]},{"@type":"WebSite","@id":"https:\/\/www.plant-act.org\/#website","url":"https:\/\/www.plant-act.org\/","name":"PlantACT!","description":"Initiative to function as a think tank of plant science experts to tackle climate change.","publisher":{"@id":"https:\/\/www.plant-act.org\/#organization"},"potentialAction":[{"@type":"SearchAction","target":{"@type":"EntryPoint","urlTemplate":"https:\/\/www.plant-act.org\/?s={search_term_string}"},"query-input":{"@type":"PropertyValueSpecification","valueRequired":true,"valueName":"search_term_string"}}],"inLanguage":"cs"},{"@type":"Organization","@id":"https:\/\/www.plant-act.org\/#organization","name":"PlantACT!","url":"https:\/\/www.plant-act.org\/","logo":{"@type":"ImageObject","inLanguage":"cs","@id":"https:\/\/www.plant-act.org\/#\/schema\/logo\/image\/","url":"https:\/\/www.plant-act.org\/wp-content\/uploads\/2022\/12\/PlantACT-logo.png","contentUrl":"https:\/\/www.plant-act.org\/wp-content\/uploads\/2022\/12\/PlantACT-logo.png","width":3334,"height":3334,"caption":"PlantACT!"},"image":{"@id":"https:\/\/www.plant-act.org\/#\/schema\/logo\/image\/"}}]}},"_links":{"self":[{"href":"https:\/\/www.plant-act.org\/cs\/wp-json\/wp\/v2\/pages\/88585","targetHints":{"allow":["GET"]}}],"collection":[{"href":"https:\/\/www.plant-act.org\/cs\/wp-json\/wp\/v2\/pages"}],"about":[{"href":"https:\/\/www.plant-act.org\/cs\/wp-json\/wp\/v2\/types\/page"}],"author":[{"embeddable":true,"href":"https:\/\/www.plant-act.org\/cs\/wp-json\/wp\/v2\/users\/1"}],"replies":[{"embeddable":true,"href":"https:\/\/www.plant-act.org\/cs\/wp-json\/wp\/v2\/comments?post=88585"}],"version-history":[{"count":37,"href":"https:\/\/www.plant-act.org\/cs\/wp-json\/wp\/v2\/pages\/88585\/revisions"}],"predecessor-version":[{"id":119092,"href":"https:\/\/www.plant-act.org\/cs\/wp-json\/wp\/v2\/pages\/88585\/revisions\/119092"}],"wp:featuredmedia":[{"embeddable":true,"href":"https:\/\/www.plant-act.org\/cs\/wp-json\/wp\/v2\/media\/117757"}],"wp:attachment":[{"href":"https:\/\/www.plant-act.org\/cs\/wp-json\/wp\/v2\/media?parent=88585"}],"curies":[{"name":"wp","href":"https:\/\/api.w.org\/{rel}","templated":true}]}}